{"id":1368,"date":"2020-07-07T12:13:10","date_gmt":"2020-07-07T10:13:10","guid":{"rendered":"https:\/\/www.agxgroup.eu\/cabinet-dentaire-dentisterie\/"},"modified":"2022-09-14T12:52:16","modified_gmt":"2022-09-14T10:52:16","slug":"tandlaboratoria-tandartsen","status":"publish","type":"page","link":"https:\/\/www.agxgroup.eu\/nl\/tandlaboratoria-tandartsen\/","title":{"rendered":"Tandlaboratoria \/ Tandartsen"},"content":{"rendered":"<div class=\"wpb-content-wrapper\"><p>[vc_row][vc_column]<h1 class='heading-left  style-1' ><span>Bezorgdienst voor tandartspraktijken en -labo\u2019s, evenals voor hun leveranciers<\/span><\/h1>[\/vc_column][\/vc_row][vc_row equal_height=&#8221;yes&#8221; content_placement=&#8221;middle&#8221; css=&#8221;.vc_custom_1662645571518{padding-top: 60px !important;padding-bottom: 60px !important;}&#8221;][vc_column width=&#8221;1\/2&#8243;][vc_single_image image=&#8221;1467&#8243; img_size=&#8221;full&#8221; alignment=&#8221;center&#8221; style=&#8221;vc_box_shadow_3d&#8221;][\/vc_column][vc_column width=&#8221;1\/2&#8243;]<h2 class='heading-left  divider-sm' ><span>AGX Group is leader op de Belgische markt van de levering van tandheelkundig materiaal aan labo\u2019s en tandartspraktijken, zowel overdag als \u2018s nachts. Wij staan ook in voor de verbinding tussen de tandartspraktijken en hun labo\u2019s. <\/span><\/h2>[vc_column_text]Dankzij onze expertise in het <strong>transport van medisch tandheelkundig materiaal en het transport van tandheelkundige stalen <\/strong>kunnen wij leveringsprestaties aan de tandartsen voorstellen die perfect aan hun noden beantwoorden.<\/p>\n<p>Wij voeren allerlei soorten transport uit tussen de tandartsenpraktijken en de tandtechnische labo\u2019s. Onze bezorgers wordt gevraagd tandheelkundige medische werken te recupereren, zoals botstalen, tandvleesstalen of andere staaltypes om ze tot bij het tandlabo te transporteren.<\/p>\n<p>Wij passen onze procedures aan elke klant, elke opdracht aan, zodat we altijd de tijds- en hygi\u00ebnemaatregelen kunnen naleven die onvermijdelijk zijn bij de <strong>levering van tandheelkundige stalen en <\/strong>tandmateriaal.[\/vc_column_text][\/vc_column][\/vc_row][vc_row][vc_column]<h3 class='heading-left  style-1' ><span>AGX Group, de betrouwbare partner van de tandartsen <\/span><\/h3>[vc_column_text]AGX Group geeft de tandartsen de mogelijkheid met apparatuur te worden uitgerust en bevoorraad dankzij het transport van goederen die komen van hun leveranciers.<br \/>\nWij onderhouden een bevoorrechte relatie met de verschillende spelers op de markt: labo\u2019s, leveranciers, tandartspraktijken. Zij kennen ons en wij kennen hun specificiteit voor de levering, vooral \u2018s nachts.<\/p>\n<p>Wij zorgen voor het nachttransport v\u00f3\u00f3r 5 u. De nachtleveringen gebeuren via de brievenbussen, de leveringssassen of elke andere plaats die de tandartsen bepaald hebben.<\/p>\n<p>Wij houden ook de sleutels van de verschillende leveringsplaatsen bij.<\/p>\n<p>De tandheelkunde moet kunnen rekenen op snelle transporten zodat tandartsen, orthodontisten en prothesemakers in alle sereniteit hun beroep uit kunnen oefenen om hun pati\u00ebnten snel te kunnen helpen.[\/vc_column_text][\/vc_column][\/vc_row][vc_row][vc_column]<h3 class='heading-left  style-1' ><span>Organisatie van de leveringen voor tandartsen en tandtechnische labo\u2019s <\/span><\/h3>[\/vc_column][\/vc_row][vc_row css=&#8221;.vc_custom_1594209257124{padding-top: 60px !important;padding-bottom: 60px !important;}&#8221;][vc_column width=&#8221;1\/2&#8243;][vc_column_text]De leveringen hebben \u2018s nachts plaats op plaatsen die met de tandartsen en de tandartspraktijken werden overeengekomen. Zij vertrouwen het beheer van deze leveringsplaatsen aan AGX Group toe of deze krijgen de sleutels voor het leveren in de brievenbussen en AGX Group treedt op als een echte partner in het werkcircuit van de tandheelkunde.<\/p>\n<ul>\n<li>Nachtleveringen per groepage v\u00f3\u00f3r 5 u \u2018s morgens in de verschillende brievenbussen tegen beperkte kosten.<\/li>\n<li>Dagleveringen v\u00f3\u00f3r 17 u in Belgi\u00eb en Luxemburg.<\/li>\n<\/ul>\n<p>AGX haalt de pakketten tegen sluitingstijd af in de <strong>tandheelkundige labo\u2019s <\/strong>om ze \u2018s nachts te leveren bij de tandartsen. De afhaling bij de tandartsen gebeurt \u2018s nachts om bij het opengaan van de kantoren <strong>de tandheelkundige pakketten <\/strong>bij de labo\u2019s te leveren.[\/vc_column_text][\/vc_column][vc_column width=&#8221;1\/2&#8243;][vc_single_image image=&#8221;2008&#8243; img_size=&#8221;full&#8221; alignment=&#8221;center&#8221; style=&#8221;vc_box_shadow_3d&#8221;][\/vc_column][\/vc_row][vc_row][vc_column][vc_cta h2=&#8221;&#8221; h4=&#8221;Vertrouw op AGX Group voor uw expresleveringen op tandheelkundig vlak&#8221;]<a href=\"https:\/\/www.agxgroup.eu\/nl\/contactgegevens\/\"><strong>Contacteer ons<\/strong> <\/a>vandaag nog om uw leveringen te plannen.[\/vc_cta][\/vc_column][\/vc_row][vc_row full_width=&#8221;stretch_row&#8221; css=&#8221;.vc_custom_1594128762333{padding-top: 40px !important;padding-bottom: 60px !important;background-color: #3b4d61 !important;}&#8221; has_content=&#8221;true&#8221;][vc_column]<h3 class='heading-middle  divider-sm'  style='color: #ffffff'><span>Ze vertrouwen ons!<\/span><\/h3>[vc_empty_space height=&#8221;22px&#8221;][\/vc_column][\/vc_row][vc_row full_width=&#8221;stretch_row&#8221; css=&#8221;.vc_custom_1662711201968{padding-top: 40px !important;padding-bottom: 60px !important;}&#8221; has_content=&#8221;true&#8221;][vc_column]<div class='logos-wrapper style-2'><ul class='logos owl-carousel' data-col='5' data-nav><li class=\"logos-fade\"><span><img src='https:\/\/www.agxgroup.eu\/wp-content\/uploads\/2022\/09\/Logo-Nobel-Biocare.png' alt=''><\/span><\/li><li class=\"logos-fade\"><span><img src='https:\/\/www.agxgroup.eu\/wp-content\/uploads\/2022\/09\/Logo-Straumann.png' alt=''><\/span><\/li><li class=\"logos-fade\"><span><img src='https:\/\/www.agxgroup.eu\/wp-content\/uploads\/2022\/09\/Logo-ELYSEE-Dental.png' alt=''><\/span><\/li><li class=\"logos-fade\"><span><img src='https:\/\/www.agxgroup.eu\/wp-content\/uploads\/2022\/09\/Logo-Henry-Schein.png' alt=''><\/span><\/li><li class=\"logos-fade\"><span><img src='https:\/\/www.agxgroup.eu\/wp-content\/uploads\/2022\/09\/Logo-DPI.png' alt=''><\/span><\/li><li class=\"logos-fade\"><span><img src='https:\/\/www.agxgroup.eu\/wp-content\/uploads\/2022\/09\/Logo-Apex.png' alt=''><\/span><\/li><li class=\"logos-fade\"><span><img src='https:\/\/www.agxgroup.eu\/wp-content\/uploads\/2022\/09\/Logo-IMPRODENT.png' alt=''><\/span><\/li><li class=\"logos-fade\"><span><img src='https:\/\/www.agxgroup.eu\/wp-content\/uploads\/2022\/09\/Logo-AralB.png' alt=''><\/span><\/li><li class=\"logos-fade\"><span><img src='https:\/\/www.agxgroup.eu\/wp-content\/uploads\/2022\/09\/Logo-Proscann.png' alt=''><\/span><\/li><li class=\"logos-fade\"><span><img src='https:\/\/www.agxgroup.eu\/wp-content\/uploads\/2022\/09\/Logo-KKT.png' alt=''><\/span><\/li><li class=\"logos-fade\"><span><img src='https:\/\/www.agxgroup.eu\/wp-content\/uploads\/2022\/09\/Logo-Biolux.png' alt=''><\/span><\/li><li class=\"logos-fade\"><span><img src='https:\/\/www.agxgroup.eu\/wp-content\/uploads\/2022\/09\/Logo-B-Dental.png' alt=''><\/span><\/li><li class=\"logos-fade\"><span><img src='https:\/\/www.agxgroup.eu\/wp-content\/uploads\/2022\/09\/Logo-Distribil.png' alt=''><\/span><\/li><li class=\"logos-fade\"><span><img src='https:\/\/www.agxgroup.eu\/wp-content\/uploads\/2022\/09\/Logo-Drailly.png' alt=''><\/span><\/li><li class=\"logos-fade\"><span><img src='https:\/\/www.agxgroup.eu\/wp-content\/uploads\/2022\/09\/Logo-Picone.png' alt=''><\/span><\/li><li class=\"logos-fade\"><span><img src='https:\/\/www.agxgroup.eu\/wp-content\/uploads\/2022\/09\/Logo-Biocream.png' alt=''><\/span><\/li><li class=\"logos-fade\"><span><img src='https:\/\/www.agxgroup.eu\/wp-content\/uploads\/2022\/09\/Logo-Andriessens.png' alt=''><\/span><\/li><li class=\"logos-fade\"><span><img src='https:\/\/www.agxgroup.eu\/wp-content\/uploads\/2022\/09\/Logo-ManuFacto.png' alt=''><\/span><\/li><li class=\"logos-fade\"><span><img src='https:\/\/www.agxgroup.eu\/wp-content\/uploads\/2022\/09\/Logo-OrthoDentix.png' alt=''><\/span><\/li><li class=\"logos-fade\"><span><img src='https:\/\/www.agxgroup.eu\/wp-content\/uploads\/2022\/09\/Logo-Orthocant.png' alt=''><\/span><\/li><li class=\"logos-fade\"><span><img src='https:\/\/www.agxgroup.eu\/wp-content\/uploads\/2022\/09\/Logo-Dental-Labor.png' alt=''><\/span><\/li><li class=\"logos-fade\"><span><img src='https:\/\/www.agxgroup.eu\/wp-content\/uploads\/2022\/09\/Logo-Dentiscream.png' alt=''><\/span><\/li><li class=\"logos-fade\"><span><img src='https:\/\/www.agxgroup.eu\/wp-content\/uploads\/2022\/09\/Logo-Dental-Tema.png' alt=''><\/span><\/li><li class=\"logos-fade\"><span><img src='https:\/\/www.agxgroup.eu\/wp-content\/uploads\/2022\/09\/Beaumgartner.png' alt=''><\/span><\/li><li class=\"logos-fade\"><span><img src='https:\/\/www.agxgroup.eu\/wp-content\/uploads\/2022\/09\/Logo-Vanbockxstaele.png' alt=''><\/span><\/li><li class=\"logos-fade\"><span><img src='https:\/\/www.agxgroup.eu\/wp-content\/uploads\/2022\/09\/Logo-Genies.png' alt=''><\/span><\/li><\/ul><\/div>[\/vc_column][\/vc_row]<\/p>\n<\/div>","protected":false},"excerpt":{"rendered":"<p>[vc_row][vc_column][\/vc_column][\/vc_row][vc_row equal_height=&#8221;yes&#8221; content_placement=&#8221;middle&#8221; css=&#8221;.vc_custom_1662645571518{padding-top: 60px !important;padding-bottom: 60px !important;}&#8221;][vc_column width=&#8221;1\/2&#8243;][vc_single_image image=&#8221;1467&#8243; img_size=&#8221;full&#8221; alignment=&#8221;center&#8221; style=&#8221;vc_box_shadow_3d&#8221;][\/vc_column][vc_column width=&#8221;1\/2&#8243;][vc_column_text]Dankzij onze expertise in het transport van medisch tandheelkundig materiaal en het transport van tandheelkundige stalen kunnen wij leveringsprestaties aan de tandartsen voorstellen die perfect aan hun&#8230;<\/p>\n","protected":false},"author":1,"featured_media":0,"parent":0,"menu_order":4,"comment_status":"closed","ping_status":"open","template":"","meta":{"rs_blank_template":"","rs_page_bg_color":"#ffffff","slide_template_v7":"","footnotes":""},"class_list":["post-1368","page","type-page","status-publish","hentry"],"yoast_head":"<!-- This site is optimized with the Yoast SEO plugin v27.3 - https:\/\/yoast.com\/product\/yoast-seo-wordpress\/ -->\n<title>Bezorgdienst voor tandartspraktijken en -labo\u2019s en voor hun leveranciers<\/title>\n<meta name=\"description\" content=\"AGX Group is leader op de Belgische markt van de levering van tandheelkundig materiaal aan labo\u2019s en tandartspraktijken, zowel overdag als \u2018s nachts.\" \/>\n<meta name=\"robots\" content=\"index, follow, max-snippet:-1, max-image-preview:large, max-video-preview:-1\" \/>\n<link rel=\"canonical\" href=\"https:\/\/www.agxgroup.eu\/nl\/tandlaboratoria-tandartsen\/\" \/>\n<meta property=\"og:locale\" content=\"nl_NL\" \/>\n<meta property=\"og:type\" content=\"article\" \/>\n<meta property=\"og:title\" content=\"Bezorgdienst voor tandartspraktijken en -labo\u2019s en voor hun leveranciers\" \/>\n<meta property=\"og:description\" content=\"AGX Group is leader op de Belgische markt van de levering van tandheelkundig materiaal aan labo\u2019s en tandartspraktijken, zowel overdag als \u2018s nachts.\" \/>\n<meta property=\"og:url\" content=\"https:\/\/www.agxgroup.eu\/nl\/tandlaboratoria-tandartsen\/\" \/>\n<meta property=\"og:site_name\" content=\"AGX Group\" \/>\n<meta property=\"article:modified_time\" content=\"2022-09-14T10:52:16+00:00\" \/>\n<meta property=\"og:image\" content=\"https:\/\/www.agxgroup.eu\/wp-content\/uploads\/2021\/07\/AGX_LOGO_2021_RVB.jpg\" \/>\n\t<meta property=\"og:image:width\" content=\"843\" \/>\n\t<meta property=\"og:image:height\" content=\"596\" \/>\n\t<meta property=\"og:image:type\" content=\"image\/jpeg\" \/>\n<meta name=\"twitter:card\" content=\"summary_large_image\" \/>\n<meta name=\"twitter:label1\" content=\"Est. reading time\" \/>\n\t<meta name=\"twitter:data1\" content=\"3 minutes\" \/>\n<script type=\"application\/ld+json\" class=\"yoast-schema-graph\">{\"@context\":\"https:\\\/\\\/schema.org\",\"@graph\":[{\"@type\":\"WebPage\",\"@id\":\"https:\\\/\\\/www.agxgroup.eu\\\/nl\\\/tandlaboratoria-tandartsen\\\/\",\"url\":\"https:\\\/\\\/www.agxgroup.eu\\\/nl\\\/tandlaboratoria-tandartsen\\\/\",\"name\":\"Bezorgdienst voor tandartspraktijken en -labo\u2019s en voor hun leveranciers\",\"isPartOf\":{\"@id\":\"https:\\\/\\\/www.agxgroup.eu\\\/#website\"},\"datePublished\":\"2020-07-07T10:13:10+00:00\",\"dateModified\":\"2022-09-14T10:52:16+00:00\",\"description\":\"AGX Group is leader op de Belgische markt van de levering van tandheelkundig materiaal aan labo\u2019s en tandartspraktijken, zowel overdag als \u2018s nachts.\",\"breadcrumb\":{\"@id\":\"https:\\\/\\\/www.agxgroup.eu\\\/nl\\\/tandlaboratoria-tandartsen\\\/#breadcrumb\"},\"inLanguage\":\"nl-NL\",\"potentialAction\":[{\"@type\":\"ReadAction\",\"target\":[\"https:\\\/\\\/www.agxgroup.eu\\\/nl\\\/tandlaboratoria-tandartsen\\\/\"]}]},{\"@type\":\"BreadcrumbList\",\"@id\":\"https:\\\/\\\/www.agxgroup.eu\\\/nl\\\/tandlaboratoria-tandartsen\\\/#breadcrumb\",\"itemListElement\":[{\"@type\":\"ListItem\",\"position\":1,\"name\":\"Accueil\",\"item\":\"https:\\\/\\\/www.agxgroup.eu\\\/nl\\\/\"},{\"@type\":\"ListItem\",\"position\":2,\"name\":\"Tandlaboratoria \\\/ Tandartsen\"}]},{\"@type\":\"WebSite\",\"@id\":\"https:\\\/\\\/www.agxgroup.eu\\\/#website\",\"url\":\"https:\\\/\\\/www.agxgroup.eu\\\/\",\"name\":\"AGX Group\",\"description\":\"AGX transporte vos colis m\u00e9dicaux dans les meilleurs d\u00e9lais\",\"potentialAction\":[{\"@type\":\"SearchAction\",\"target\":{\"@type\":\"EntryPoint\",\"urlTemplate\":\"https:\\\/\\\/www.agxgroup.eu\\\/?s={search_term_string}\"},\"query-input\":{\"@type\":\"PropertyValueSpecification\",\"valueRequired\":true,\"valueName\":\"search_term_string\"}}],\"inLanguage\":\"nl-NL\"}]}<\/script>\n<!-- \/ Yoast SEO plugin. -->","yoast_head_json":{"title":"Bezorgdienst voor tandartspraktijken en -labo\u2019s en voor hun leveranciers","description":"AGX Group is leader op de Belgische markt van de levering van tandheelkundig materiaal aan labo\u2019s en tandartspraktijken, zowel overdag als \u2018s nachts.","robots":{"index":"index","follow":"follow","max-snippet":"max-snippet:-1","max-image-preview":"max-image-preview:large","max-video-preview":"max-video-preview:-1"},"canonical":"https:\/\/www.agxgroup.eu\/nl\/tandlaboratoria-tandartsen\/","og_locale":"nl_NL","og_type":"article","og_title":"Bezorgdienst voor tandartspraktijken en -labo\u2019s en voor hun leveranciers","og_description":"AGX Group is leader op de Belgische markt van de levering van tandheelkundig materiaal aan labo\u2019s en tandartspraktijken, zowel overdag als \u2018s nachts.","og_url":"https:\/\/www.agxgroup.eu\/nl\/tandlaboratoria-tandartsen\/","og_site_name":"AGX Group","article_modified_time":"2022-09-14T10:52:16+00:00","og_image":[{"width":843,"height":596,"url":"https:\/\/www.agxgroup.eu\/wp-content\/uploads\/2021\/07\/AGX_LOGO_2021_RVB.jpg","type":"image\/jpeg"}],"twitter_card":"summary_large_image","twitter_misc":{"Est. reading time":"3 minutes"},"schema":{"@context":"https:\/\/schema.org","@graph":[{"@type":"WebPage","@id":"https:\/\/www.agxgroup.eu\/nl\/tandlaboratoria-tandartsen\/","url":"https:\/\/www.agxgroup.eu\/nl\/tandlaboratoria-tandartsen\/","name":"Bezorgdienst voor tandartspraktijken en -labo\u2019s en voor hun leveranciers","isPartOf":{"@id":"https:\/\/www.agxgroup.eu\/#website"},"datePublished":"2020-07-07T10:13:10+00:00","dateModified":"2022-09-14T10:52:16+00:00","description":"AGX Group is leader op de Belgische markt van de levering van tandheelkundig materiaal aan labo\u2019s en tandartspraktijken, zowel overdag als \u2018s nachts.","breadcrumb":{"@id":"https:\/\/www.agxgroup.eu\/nl\/tandlaboratoria-tandartsen\/#breadcrumb"},"inLanguage":"nl-NL","potentialAction":[{"@type":"ReadAction","target":["https:\/\/www.agxgroup.eu\/nl\/tandlaboratoria-tandartsen\/"]}]},{"@type":"BreadcrumbList","@id":"https:\/\/www.agxgroup.eu\/nl\/tandlaboratoria-tandartsen\/#breadcrumb","itemListElement":[{"@type":"ListItem","position":1,"name":"Accueil","item":"https:\/\/www.agxgroup.eu\/nl\/"},{"@type":"ListItem","position":2,"name":"Tandlaboratoria \/ Tandartsen"}]},{"@type":"WebSite","@id":"https:\/\/www.agxgroup.eu\/#website","url":"https:\/\/www.agxgroup.eu\/","name":"AGX Group","description":"AGX transporte vos colis m\u00e9dicaux dans les meilleurs d\u00e9lais","potentialAction":[{"@type":"SearchAction","target":{"@type":"EntryPoint","urlTemplate":"https:\/\/www.agxgroup.eu\/?s={search_term_string}"},"query-input":{"@type":"PropertyValueSpecification","valueRequired":true,"valueName":"search_term_string"}}],"inLanguage":"nl-NL"}]}},"_links":{"self":[{"href":"https:\/\/www.agxgroup.eu\/nl\/wp-json\/wp\/v2\/pages\/1368","targetHints":{"allow":["GET"]}}],"collection":[{"href":"https:\/\/www.agxgroup.eu\/nl\/wp-json\/wp\/v2\/pages"}],"about":[{"href":"https:\/\/www.agxgroup.eu\/nl\/wp-json\/wp\/v2\/types\/page"}],"author":[{"embeddable":true,"href":"https:\/\/www.agxgroup.eu\/nl\/wp-json\/wp\/v2\/users\/1"}],"replies":[{"embeddable":true,"href":"https:\/\/www.agxgroup.eu\/nl\/wp-json\/wp\/v2\/comments?post=1368"}],"version-history":[{"count":5,"href":"https:\/\/www.agxgroup.eu\/nl\/wp-json\/wp\/v2\/pages\/1368\/revisions"}],"predecessor-version":[{"id":2255,"href":"https:\/\/www.agxgroup.eu\/nl\/wp-json\/wp\/v2\/pages\/1368\/revisions\/2255"}],"wp:attachment":[{"href":"https:\/\/www.agxgroup.eu\/nl\/wp-json\/wp\/v2\/media?parent=1368"}],"curies":[{"name":"wp","href":"https:\/\/api.w.org\/{rel}","templated":true}]}}