{"id":1392,"date":"2014-12-10T07:17:53","date_gmt":"2014-12-10T07:17:49","guid":{"rendered":"https:\/\/www.agxgroup.eu\/centre-hospitalier\/"},"modified":"2022-09-14T12:47:43","modified_gmt":"2022-09-14T10:47:43","slug":"hospitals","status":"publish","type":"page","link":"https:\/\/www.agxgroup.eu\/en\/hospitals\/","title":{"rendered":"Hospitals"},"content":{"rendered":"<div class=\"wpb-content-wrapper\"><p>[vc_row content_placement=&#8221;middle&#8221;][vc_column width=&#8221;1\/2&#8243;]<h1 class='heading-content  divider-sm' ><span>Delivery of Medical Supplies to Hospitals <\/span><\/h1><h2 class='heading-left  divider-sm' ><span>AGX Group manages the transportation of medical supplies from suppliers to hospitals with the greatest care. <\/span><\/h2>[\/vc_column][vc_column width=&#8221;1\/2&#8243;][vc_single_image image=&#8221;2012&#8243; img_size=&#8221;full&#8221; style=&#8221;vc_box_shadow_3d&#8221;][\/vc_column][\/vc_row][vc_row css=&#8221;.vc_custom_1594208950207{padding-top: 60px !important;padding-bottom: 60px !important;}&#8221;][vc_column][vc_column_text]Delivering to hospitals requires particular care, whether the package is going to a clinic, an operating suite, the E.R. \/ A&amp;E department or some other department.<\/p>\n<p>As soon as we receive your package<strong> of medical supplies<\/strong>, we <strong>ship it<\/strong> in accordance with strict security rules. Our teams of couriers are trained to comply with the entry and exit protocols for <strong>hospitals<\/strong>. They know how <strong>deliveries to hospitals<\/strong> work, and they understand delivery flows for <strong>medical goods<\/strong>. Our couriers know which &#8220;inward&#8221; point to go to &#8211; &#8220;goods inward&#8221; or &#8220;pharmacy inward&#8221; &#8211; and they know which door to knock on.[\/vc_column_text][vc_empty_space height=&#8221;30&#8243;]<h3 class='heading-left  divider-sm' ><span>Custom service with &#8220;In Room Delivery&#8221; <\/span><\/h3>[vc_column_text]We offer an &#8220;In Room Delivery&#8221; service, which means that <strong>a delivery to a hospital<\/strong> is made to the hospital department of your choice; packages are delivered to the medical personnel on duty there. AGX also handles collection of packages to be returned to you. Our delivery routes are designed and optimised to enhance the efficiency and <strong>speed of deliveries<\/strong>.[\/vc_column_text][vc_empty_space height=&#8221;30&#8243;]<h3 class='heading-left  divider-sm' ><span>Daytime, Overnight and Express Delivery <\/span><\/h3>[vc_column_text]Depending on your needs and the circumstances, we deliver to your clients in Belgium and Luxembourg, day and night. Courier services are arranged according to the hospitals&#8217; timetables and needs. The daytime delivery service operates up to 17:00. The overnight delivery service is fast, getting there before 05:00. <strong><a href=\"https:\/\/www.agxgroup.eu\/en\/express-service\/\">Express Delivery<\/a><\/strong> comes in for ultra-urgent transport so that a patient can receive care as fast as possible.[\/vc_column_text][vc_empty_space height=&#8221;30&#8243;][vc_empty_space height=&#8221;30&#8243;][vc_text_separator title=&#8221;Associated Services&#8221;][\/vc_column][\/vc_row][vc_row equal_height=&#8221;yes&#8221; css=&#8221;.vc_custom_1594207431220{padding-top: 30px !important;padding-bottom: 50px !important;background-color: # !important;}&#8221; has_content=&#8221;true&#8221;][vc_column width=&#8221;1\/4&#8243;][vc_single_image image=&#8221;1549&#8243; alignment=&#8221;center&#8221;][vc_empty_space height=&#8221;10px&#8221;]<h3 class='heading-content text-center style-1' ><span>Overnight Service<\/span><\/h3>[vc_empty_space height=&#8221;10px&#8221;][vc_column_text]Delivery of grouped packages at reduced rates to hospitals and medical practices. Delivery is always made before 05:00 in the morning.[\/vc_column_text][\/vc_column][vc_column width=&#8221;1\/4&#8243;][vc_single_image image=&#8221;1120&#8243; alignment=&#8221;center&#8221;][vc_empty_space height=&#8221;10px&#8221;]<h3 class='heading-content text-center style-1' ><span>Daytime Service<\/span><\/h3>[vc_empty_space height=&#8221;10px&#8221;][vc_column_text]Delivery of packages to all hospital departments. For example: Operating suite, sterilisation service, oral &amp; dental surgery, dentistry, medical stores, pharmacies, goods inward.<\/p>\n<p>The drivers personally enter the department. This is the In Room Delivery service.[\/vc_column_text][\/vc_column][vc_column width=&#8221;1\/4&#8243;][vc_single_image image=&#8221;1123&#8243; alignment=&#8221;center&#8221;][vc_empty_space height=&#8221;10px&#8221;]<h3 class='heading-content text-center style-1' ><span>Returns<\/span><\/h3>[vc_empty_space height=&#8221;10px&#8221;][vc_column_text]Surgical supplies that have been used in a hospital department, as well as unused supplies, are collected by the drivers. They check the condition of the supplies before taking them back to you.[\/vc_column_text][\/vc_column][vc_column width=&#8221;1\/4&#8243;][vc_single_image image=&#8221;1117&#8243; alignment=&#8221;center&#8221;][vc_empty_space height=&#8221;10px&#8221;]<h3 class='heading-content text-center style-1' ><span>Express Service<\/span><\/h3>[vc_empty_space height=&#8221;10px&#8221;][vc_column_text]Goods are collected from the client within 30 minutes, and then delivered within the various hospitals with our In Room Delivery service. This is an on-demand courier service.[\/vc_column_text][\/vc_column][\/vc_row][vc_row][vc_column][vc_cta h2=&#8221;&#8221; h4=&#8221;You can rely on your experts in the transport of medical supplies in Belgium and Luxembourg.&#8221; txt_align=&#8221;center&#8221;]<a href=\"https:\/\/www.agxgroup.eu\/en\/contact\/\"><strong>Contact us<\/strong><\/a> to arrange for the despatch of your next package.[\/vc_cta][\/vc_column][\/vc_row][vc_row full_width=&#8221;stretch_row&#8221; css=&#8221;.vc_custom_1594128762333{padding-top: 40px !important;padding-bottom: 60px !important;background-color: #3b4d61 !important;}&#8221; has_content=&#8221;true&#8221;][vc_column]<h3 class='heading-middle  divider-sm'  style='color: #ffffff'><span>They trust us! !<\/span><\/h3>[vc_empty_space height=&#8221;22px&#8221;][\/vc_column][\/vc_row][vc_row full_width=&#8221;stretch_row&#8221; css=&#8221;.vc_custom_1662711201968{padding-top: 40px !important;padding-bottom: 60px !important;}&#8221; has_content=&#8221;true&#8221;][vc_column]<div class='logos-wrapper style-2'><ul class='logos owl-carousel' data-col='4' data-nav><li class=\"logos-fade\"><a href=\"https:\/\/www.arthrex.be\/\" target=\"_blank\"><img src='https:\/\/www.agxgroup.eu\/wp-content\/uploads\/2020\/07\/Agx-group-logo-partenaire-Arthrex.png' alt='Helping Surgeons Treat Their Patients Better'><\/a><\/li><li class=\"logos-fade\"><a href=\"https:\/\/www.olympus.be\/\" target=\"_blank\"><img src='https:\/\/www.agxgroup.eu\/wp-content\/uploads\/2020\/07\/Agx-group-logo-partenaire-Olympus.png' alt='Diagnostic pr\u00e9coce et traitement minimalement invasif'><\/a><\/li><li class=\"logos-fade\"><a href=\"https:\/\/www.smith-nephew.com\/belgique\/\" target=\"_blank\"><img src='https:\/\/www.agxgroup.eu\/wp-content\/uploads\/2020\/07\/Agx-group-logo-partenaire-SmithNephew.png' alt='Smith &amp; Nephew est une soci\u00e9t\u00e9 internationale sp\u00e9cialis\u00e9e dans les dispositifs m\u00e9dicaux de haute technologie visant \u00e0 am\u00e9liorer la qualit\u00e9 de vie des patients'><\/a><\/li><li class=\"logos-fade\"><a href=\"https:\/\/www.tsc-be.com\/fr\/accueil.html\" target=\"_blank\"><img src='https:\/\/www.agxgroup.eu\/wp-content\/uploads\/2020\/07\/Agx-group-logo-partenaire-Hospithera.png' alt='Hospithera est VOTRE partenaire pour les dispositifs m\u00e9dicaux de haute qualit\u00e9 et vous offre des solutions int\u00e9gr\u00e9es en Belgique et au Luxembourg.'><\/a><\/li><li class=\"logos-fade\"><a href=\"https:\/\/aleamed.eu\/fr\/\" target=\"_blank\"><img src='https:\/\/www.agxgroup.eu\/wp-content\/uploads\/2020\/07\/Agx-group-logo-partenaire-aleamed.png' alt='Vous pouvez compter sur Aleamed. C\u2019est n\u00e9cessaire parce qu\u2019en tant que chirurgien, vous voulez pouvoir compter sur votre \u00e9quipement.'><\/a><\/li><li class=\"logos-fade\"><a href=\"https:\/\/www.bemedical.be\/en-BE\" target=\"_blank\"><img src='https:\/\/www.agxgroup.eu\/wp-content\/uploads\/2020\/07\/Agx-group-logo-partenaire-be-medical.png' alt='High quality products, services &amp; innovations'><\/a><\/li><\/ul><\/div>[\/vc_column][\/vc_row]<\/p>\n<\/div>","protected":false},"excerpt":{"rendered":"<p>[vc_row content_placement=&#8221;middle&#8221;][vc_column width=&#8221;1\/2&#8243;][\/vc_column][vc_column width=&#8221;1\/2&#8243;][vc_single_image image=&#8221;2012&#8243; img_size=&#8221;full&#8221; style=&#8221;vc_box_shadow_3d&#8221;][\/vc_column][\/vc_row][vc_row css=&#8221;.vc_custom_1594208950207{padding-top: 60px !important;padding-bottom: 60px !important;}&#8221;][vc_column][vc_column_text]Delivering to hospitals requires particular care, whether the package is going to a clinic, an operating suite, the E.R. \/ A&amp;E department or some other department. As soon as&#8230;<\/p>\n","protected":false},"author":1,"featured_media":0,"parent":0,"menu_order":3,"comment_status":"closed","ping_status":"open","template":"","meta":{"rs_blank_template":"","rs_page_bg_color":"#ffffff","slide_template_v7":"","footnotes":""},"class_list":["post-1392","page","type-page","status-publish","hentry"],"yoast_head":"<!-- This site is optimized with the Yoast SEO plugin v27.3 - https:\/\/yoast.com\/product\/yoast-seo-wordpress\/ -->\n<title>Delivery of Medical Supplies to Hospitals<\/title>\n<meta name=\"description\" content=\"AGX Group manages the transportation of medical supplies from suppliers to hospitals with the greatest care.\" \/>\n<meta name=\"robots\" content=\"index, follow, max-snippet:-1, max-image-preview:large, max-video-preview:-1\" \/>\n<link rel=\"canonical\" href=\"https:\/\/www.agxgroup.eu\/en\/hospitals\/\" \/>\n<meta property=\"og:locale\" content=\"en_US\" \/>\n<meta property=\"og:type\" content=\"article\" \/>\n<meta property=\"og:title\" content=\"Delivery of Medical Supplies to Hospitals\" \/>\n<meta property=\"og:description\" content=\"AGX Group manages the transportation of medical supplies from suppliers to hospitals with the greatest care.\" \/>\n<meta property=\"og:url\" content=\"https:\/\/www.agxgroup.eu\/en\/hospitals\/\" \/>\n<meta property=\"og:site_name\" content=\"AGX Group\" \/>\n<meta property=\"article:modified_time\" content=\"2022-09-14T10:47:43+00:00\" \/>\n<meta property=\"og:image\" content=\"https:\/\/www.agxgroup.eu\/wp-content\/uploads\/2021\/07\/AGX_LOGO_2021_RVB.jpg\" \/>\n\t<meta property=\"og:image:width\" content=\"843\" \/>\n\t<meta property=\"og:image:height\" content=\"596\" \/>\n\t<meta property=\"og:image:type\" content=\"image\/jpeg\" \/>\n<meta name=\"twitter:card\" content=\"summary_large_image\" \/>\n<meta name=\"twitter:label1\" content=\"Est. reading time\" \/>\n\t<meta name=\"twitter:data1\" content=\"4 minutes\" \/>\n<script type=\"application\/ld+json\" class=\"yoast-schema-graph\">{\"@context\":\"https:\\\/\\\/schema.org\",\"@graph\":[{\"@type\":\"WebPage\",\"@id\":\"https:\\\/\\\/www.agxgroup.eu\\\/en\\\/hospitals\\\/\",\"url\":\"https:\\\/\\\/www.agxgroup.eu\\\/en\\\/hospitals\\\/\",\"name\":\"Delivery of Medical Supplies to Hospitals\",\"isPartOf\":{\"@id\":\"https:\\\/\\\/www.agxgroup.eu\\\/#website\"},\"datePublished\":\"2014-12-10T07:17:49+00:00\",\"dateModified\":\"2022-09-14T10:47:43+00:00\",\"description\":\"AGX Group manages the transportation of medical supplies from suppliers to hospitals with the greatest care.\",\"breadcrumb\":{\"@id\":\"https:\\\/\\\/www.agxgroup.eu\\\/en\\\/hospitals\\\/#breadcrumb\"},\"inLanguage\":\"en-US\",\"potentialAction\":[{\"@type\":\"ReadAction\",\"target\":[\"https:\\\/\\\/www.agxgroup.eu\\\/en\\\/hospitals\\\/\"]}]},{\"@type\":\"BreadcrumbList\",\"@id\":\"https:\\\/\\\/www.agxgroup.eu\\\/en\\\/hospitals\\\/#breadcrumb\",\"itemListElement\":[{\"@type\":\"ListItem\",\"position\":1,\"name\":\"Accueil\",\"item\":\"https:\\\/\\\/www.agxgroup.eu\\\/en\\\/\"},{\"@type\":\"ListItem\",\"position\":2,\"name\":\"Hospitals\"}]},{\"@type\":\"WebSite\",\"@id\":\"https:\\\/\\\/www.agxgroup.eu\\\/#website\",\"url\":\"https:\\\/\\\/www.agxgroup.eu\\\/\",\"name\":\"AGX Group\",\"description\":\"AGX transporte vos colis m\u00e9dicaux dans les meilleurs d\u00e9lais\",\"potentialAction\":[{\"@type\":\"SearchAction\",\"target\":{\"@type\":\"EntryPoint\",\"urlTemplate\":\"https:\\\/\\\/www.agxgroup.eu\\\/?s={search_term_string}\"},\"query-input\":{\"@type\":\"PropertyValueSpecification\",\"valueRequired\":true,\"valueName\":\"search_term_string\"}}],\"inLanguage\":\"en-US\"}]}<\/script>\n<!-- \/ Yoast SEO plugin. -->","yoast_head_json":{"title":"Delivery of Medical Supplies to Hospitals","description":"AGX Group manages the transportation of medical supplies from suppliers to hospitals with the greatest care.","robots":{"index":"index","follow":"follow","max-snippet":"max-snippet:-1","max-image-preview":"max-image-preview:large","max-video-preview":"max-video-preview:-1"},"canonical":"https:\/\/www.agxgroup.eu\/en\/hospitals\/","og_locale":"en_US","og_type":"article","og_title":"Delivery of Medical Supplies to Hospitals","og_description":"AGX Group manages the transportation of medical supplies from suppliers to hospitals with the greatest care.","og_url":"https:\/\/www.agxgroup.eu\/en\/hospitals\/","og_site_name":"AGX Group","article_modified_time":"2022-09-14T10:47:43+00:00","og_image":[{"width":843,"height":596,"url":"https:\/\/www.agxgroup.eu\/wp-content\/uploads\/2021\/07\/AGX_LOGO_2021_RVB.jpg","type":"image\/jpeg"}],"twitter_card":"summary_large_image","twitter_misc":{"Est. reading time":"4 minutes"},"schema":{"@context":"https:\/\/schema.org","@graph":[{"@type":"WebPage","@id":"https:\/\/www.agxgroup.eu\/en\/hospitals\/","url":"https:\/\/www.agxgroup.eu\/en\/hospitals\/","name":"Delivery of Medical Supplies to Hospitals","isPartOf":{"@id":"https:\/\/www.agxgroup.eu\/#website"},"datePublished":"2014-12-10T07:17:49+00:00","dateModified":"2022-09-14T10:47:43+00:00","description":"AGX Group manages the transportation of medical supplies from suppliers to hospitals with the greatest care.","breadcrumb":{"@id":"https:\/\/www.agxgroup.eu\/en\/hospitals\/#breadcrumb"},"inLanguage":"en-US","potentialAction":[{"@type":"ReadAction","target":["https:\/\/www.agxgroup.eu\/en\/hospitals\/"]}]},{"@type":"BreadcrumbList","@id":"https:\/\/www.agxgroup.eu\/en\/hospitals\/#breadcrumb","itemListElement":[{"@type":"ListItem","position":1,"name":"Accueil","item":"https:\/\/www.agxgroup.eu\/en\/"},{"@type":"ListItem","position":2,"name":"Hospitals"}]},{"@type":"WebSite","@id":"https:\/\/www.agxgroup.eu\/#website","url":"https:\/\/www.agxgroup.eu\/","name":"AGX Group","description":"AGX transporte vos colis m\u00e9dicaux dans les meilleurs d\u00e9lais","potentialAction":[{"@type":"SearchAction","target":{"@type":"EntryPoint","urlTemplate":"https:\/\/www.agxgroup.eu\/?s={search_term_string}"},"query-input":{"@type":"PropertyValueSpecification","valueRequired":true,"valueName":"search_term_string"}}],"inLanguage":"en-US"}]}},"_links":{"self":[{"href":"https:\/\/www.agxgroup.eu\/en\/wp-json\/wp\/v2\/pages\/1392","targetHints":{"allow":["GET"]}}],"collection":[{"href":"https:\/\/www.agxgroup.eu\/en\/wp-json\/wp\/v2\/pages"}],"about":[{"href":"https:\/\/www.agxgroup.eu\/en\/wp-json\/wp\/v2\/types\/page"}],"author":[{"embeddable":true,"href":"https:\/\/www.agxgroup.eu\/en\/wp-json\/wp\/v2\/users\/1"}],"replies":[{"embeddable":true,"href":"https:\/\/www.agxgroup.eu\/en\/wp-json\/wp\/v2\/comments?post=1392"}],"version-history":[{"count":5,"href":"https:\/\/www.agxgroup.eu\/en\/wp-json\/wp\/v2\/pages\/1392\/revisions"}],"predecessor-version":[{"id":2153,"href":"https:\/\/www.agxgroup.eu\/en\/wp-json\/wp\/v2\/pages\/1392\/revisions\/2153"}],"wp:attachment":[{"href":"https:\/\/www.agxgroup.eu\/en\/wp-json\/wp\/v2\/media?parent=1392"}],"curies":[{"name":"wp","href":"https:\/\/api.w.org\/{rel}","templated":true}]}}